{"id":30,"date":"2025-08-03T17:25:46","date_gmt":"2025-08-03T17:25:46","guid":{"rendered":"https:\/\/www.embe6-2003.ch\/?page_id=30"},"modified":"2025-08-17T13:10:38","modified_gmt":"2025-08-17T13:10:38","slug":"programm","status":"publish","type":"page","link":"https:\/\/www.embe6-2003.ch\/?page_id=30","title":{"rendered":"Programm: 23 years after"},"content":{"rendered":"\n<figure class=\"wp-block-table\"><table><tbody><tr><td>Wann<\/td><td>Freitag, 20. M\u00e4rz 2026 16:00<br>Samstag, 21. M\u00e4rz 2026 (the morning after)<\/td><\/tr><tr><td>Treffpunkt:<\/td><td>16:00 <a href=\"https:\/\/wbz.unisg.ch\/de\/\">WBZ<\/a>  St. Gallen \u2192 <a href=\"https:\/\/wbz.unisg.ch\/de\/ueber-uns\/anreise\/\">Anreise<\/a><\/td><\/tr><tr><td>Programm:<\/td><td>16:00 Ap\u00e9ro<br>17:00 F\u00fchrung <a href=\"https:\/\/wbz.unisg.ch\/de\/\">WBZ Campus<\/a><br>&nbsp;&nbsp;&nbsp;&nbsp;&nbsp;\u00abElevator Pitches\u00bb Teil 1<br>18:30 <a href=\"https:\/\/wbz.unisg.ch\/fileadmin\/user_upload\/HSG_ROOT\/Institut_WBZ\/Gastronomie\/Restaurant_Intermezzo.pdf\">WBZ Restaurant Intermezzo<\/a><br>&nbsp;&nbsp;&nbsp;&nbsp;&nbsp;23 years ago: Fotos<br>&nbsp;&nbsp;&nbsp;&nbsp;&nbsp;\u00abElevator Pitches\u00bb Teil 2&nbsp;<br>\u00dcbernachten <a href=\"https:\/\/wbz.unisg.ch\/de\/uebernachten\/\">HSG Alumni Haus<\/a><\/td><\/tr><tr><td>Kosten<\/td><td>Ap\u00e9ro &amp; Abendessen = 125.-<br>\u00dcbernachtung + Fr\u00fchst\u00fcck = 102.-<br>\u00dcberweisung an CH51 0070 0114 8046 6674 3 (Stefan Ramisch, Felmenweg 2A, 5408 Ennetbaden)<\/td><\/tr><tr><td>Anmeldung<\/td><td>Via passwort-gesch\u00fctzter Seite <a href=\"https:\/\/www.embe6-2003.ch\/?page_id=33\" data-type=\"page\" data-id=\"33\"><strong>Login Studierende (mit Passwort)<\/strong><\/a><br>stefan.ramisch@bluewin.ch oder +41 79 653 76 42<\/td><\/tr><\/tbody><\/table><\/figure>\n\n\n\n<figure class=\"wp-block-image aligncenter size-full\"><img loading=\"lazy\" decoding=\"async\" width=\"374\" height=\"562\" src=\"https:\/\/www.embe6-2003.ch\/wp-content\/uploads\/2025\/08\/mbe-Berg.png\" alt=\"\" class=\"wp-image-61\" srcset=\"https:\/\/www.embe6-2003.ch\/wp-content\/uploads\/2025\/08\/mbe-Berg.png 374w, https:\/\/www.embe6-2003.ch\/wp-content\/uploads\/2025\/08\/mbe-Berg-200x300.png 200w\" sizes=\"auto, (max-width: 374px) 100vw, 374px\" \/><\/figure>\n","protected":false},"excerpt":{"rendered":"<p>Wann Freitag, 20. M\u00e4rz 2026 16:00Samstag, 21. M\u00e4rz 2026 (the morning after) Treffpunkt: 16:00 WBZ St. Gallen \u2192 Anreise Programm: [&hellip;]<\/p>\n","protected":false},"author":1,"featured_media":0,"parent":0,"menu_order":0,"comment_status":"closed","ping_status":"closed","template":"","meta":{"site-sidebar-layout":"default","site-content-layout":"","ast-site-content-layout":"default","site-content-style":"default","site-sidebar-style":"default","ast-global-header-display":"","ast-banner-title-visibility":"","ast-main-header-display":"","ast-hfb-above-header-display":"","ast-hfb-below-header-display":"","ast-hfb-mobile-header-display":"","site-post-title":"","ast-breadcrumbs-content":"","ast-featured-img":"","footer-sml-layout":"","ast-disable-related-posts":"","theme-transparent-header-meta":"","adv-header-id-meta":"","stick-header-meta":"","header-above-stick-meta":"","header-main-stick-meta":"","header-below-stick-meta":"","astra-migrate-meta-layouts":"default","ast-page-background-enabled":"default","ast-page-background-meta":{"desktop":{"background-color":"var(--ast-global-color-5)","background-image":"","background-repeat":"repeat","background-position":"center center","background-size":"auto","background-attachment":"scroll","background-type":"","background-media":"","overlay-type":"","overlay-color":"","overlay-opacity":"","overlay-gradient":""},"tablet":{"background-color":"","background-image":"","background-repeat":"repeat","background-position":"center center","background-size":"auto","background-attachment":"scroll","background-type":"","background-media":"","overlay-type":"","overlay-color":"","overlay-opacity":"","overlay-gradient":""},"mobile":{"background-color":"","background-image":"","background-repeat":"repeat","background-position":"center center","background-size":"auto","background-attachment":"scroll","background-type":"","background-media":"","overlay-type":"","overlay-color":"","overlay-opacity":"","overlay-gradient":""}},"ast-content-background-meta":{"desktop":{"background-color":"var(--ast-global-color-4)","background-image":"","background-repeat":"repeat","background-position":"center center","background-size":"auto","background-attachment":"scroll","background-type":"","background-media":"","overlay-type":"","overlay-color":"","overlay-opacity":"","overlay-gradient":""},"tablet":{"background-color":"var(--ast-global-color-4)","background-image":"","background-repeat":"repeat","background-position":"center center","background-size":"auto","background-attachment":"scroll","background-type":"","background-media":"","overlay-type":"","overlay-color":"","overlay-opacity":"","overlay-gradient":""},"mobile":{"background-color":"var(--ast-global-color-4)","background-image":"","background-repeat":"repeat","background-position":"center center","background-size":"auto","background-attachment":"scroll","background-type":"","background-media":"","overlay-type":"","overlay-color":"","overlay-opacity":"","overlay-gradient":""}},"footnotes":""},"class_list":["post-30","page","type-page","status-publish","hentry"],"_links":{"self":[{"href":"https:\/\/www.embe6-2003.ch\/index.php?rest_route=\/wp\/v2\/pages\/30","targetHints":{"allow":["GET"]}}],"collection":[{"href":"https:\/\/www.embe6-2003.ch\/index.php?rest_route=\/wp\/v2\/pages"}],"about":[{"href":"https:\/\/www.embe6-2003.ch\/index.php?rest_route=\/wp\/v2\/types\/page"}],"author":[{"embeddable":true,"href":"https:\/\/www.embe6-2003.ch\/index.php?rest_route=\/wp\/v2\/users\/1"}],"replies":[{"embeddable":true,"href":"https:\/\/www.embe6-2003.ch\/index.php?rest_route=%2Fwp%2Fv2%2Fcomments&post=30"}],"version-history":[{"count":26,"href":"https:\/\/www.embe6-2003.ch\/index.php?rest_route=\/wp\/v2\/pages\/30\/revisions"}],"predecessor-version":[{"id":176,"href":"https:\/\/www.embe6-2003.ch\/index.php?rest_route=\/wp\/v2\/pages\/30\/revisions\/176"}],"wp:attachment":[{"href":"https:\/\/www.embe6-2003.ch\/index.php?rest_route=%2Fwp%2Fv2%2Fmedia&parent=30"}],"curies":[{"name":"wp","href":"https:\/\/api.w.org\/{rel}","templated":true}]}}